{"id":9,"date":"2019-02-01T18:27:26","date_gmt":"2019-02-01T18:27:26","guid":{"rendered":"https:\/\/group2.mdhv.net\/jean-yves-fremaux\/?page_id=9"},"modified":"2023-11-01T15:25:37","modified_gmt":"2023-11-01T14:25:37","slug":"accueil","status":"publish","type":"page","link":"https:\/\/jean-yves-fremaux.com\/en\/","title":{"rendered":"Accueil"},"content":{"rendered":"<div id=\"hv_recent_posts-3\" class=\"widget widget_hv_recent_posts amr_widget\">\t\t\t\t<ul class=\"no-bullets\">\n\t\t\t\t\t\t<li><h2 id=\"p1936\">Annecy, le lac, les heures silencieuses 80&#215;80 cms<\/h2><img loading=\"lazy\" decoding=\"async\" class=\"alignnone size-large wp-image-1935\" src=\"https:\/\/jean-yves-fremaux.com\/wp-content\/uploads\/2026\/04\/Annecyle-lac-les-heures-silencieuses-80x80-1-1024x1024.jpg\" alt=\"\" width=\"1024\" height=\"1024\" \/>\t\t\t\t<\/li>\n\t\t\t\t\t\t\t\t<\/ul>\n\t\t<\/div>\t\t\r\n<style>.rpwe-block li{\r\nborder-bottom: 1px solid #eee;\r\nmargin-bottom: 10px;\r\npadding-bottom: 10px;\r\nlist-style-type: none;\r\n    display: inline-block;\r\n    width: 220px;\r\n    text-align: center;\r\n    padding: 15px;\r\n    vertical-align: top;\r\n    border: none;\r\n}\r\n\r\n\r\n.rpwe-clearfix:before,\r\n.rpwe-clearfix:after{\r\ncontent: \"\";\r\ndisplay: table !important;\r\n}\r\n\r\n.rpwe-clearfix:after{\r\nclear: both;\r\n}\r\nh3.rpwe-title a{\r\nfont-size: 12px;\r\n}\r\n\r\n<\/style><div id=\"rpwe_widget-3\" class=\"widget rpwe_widget recent-posts-extended amr_widget\"><h3 class=\"widget-title\"><a href=\"https:\/\/jean-yves-fremaux.com\/recent\/\" title=\"Recent work:\">Recent work:<\/a><\/h3><div  class=\"rpwe-block \"><ul class=\"rpwe-ul\"><li class=\"rpwe-li rpwe-clearfix\"><a class=\"rpwe-img\" href=\"https:\/\/jean-yves-fremaux.com\/en\/brise-de-locean-indien-81x60-cms\/\"  rel=\"bookmark\"><img decoding=\"async\" class=\"rpwe-aligncenter rpwe-thumb\" src=\"https:\/\/jean-yves-fremaux.com\/wp-content\/uploads\/2026\/03\/Brise-de-locean-indien-81x60-1-scaled-e1773248752618-200x200.jpg\" alt=\"Brise de l&#8217;oc\u00e9an indien 81&#215;60 cms\"><\/a><h3 class=\"rpwe-title\"><a href=\"https:\/\/jean-yves-fremaux.com\/en\/brise-de-locean-indien-81x60-cms\/\" title=\"Permalink to Brise de l&#8217;oc\u00e9an indien 81&#215;60 cms\" rel=\"bookmark\">Brise de l&#8217;oc\u00e9an indien 81&#215;60 cms<\/a><\/h3><\/li><li class=\"rpwe-li rpwe-clearfix\"><a class=\"rpwe-img\" href=\"https:\/\/jean-yves-fremaux.com\/en\/leclaircie-92-x-65-cms\/\"  rel=\"bookmark\"><img decoding=\"async\" class=\"rpwe-aligncenter rpwe-thumb\" src=\"https:\/\/jean-yves-fremaux.com\/wp-content\/uploads\/2026\/02\/Leclaircie-30F-scaled-e1772272785183-200x200.jpg\" alt=\"L&#8217;\u00e9claircie 92 x 65 cms\"><\/a><h3 class=\"rpwe-title\"><a href=\"https:\/\/jean-yves-fremaux.com\/en\/leclaircie-92-x-65-cms\/\" title=\"Permalink to L&#8217;\u00e9claircie 92 x 65 cms\" rel=\"bookmark\">L&#8217;\u00e9claircie 92 x 65 cms<\/a><\/h3><\/li><li class=\"rpwe-li rpwe-clearfix\"><a class=\"rpwe-img\" href=\"https:\/\/jean-yves-fremaux.com\/en\/nitescence-80x80cms\/\"  rel=\"bookmark\"><img decoding=\"async\" class=\"rpwe-aligncenter rpwe-thumb\" src=\"https:\/\/jean-yves-fremaux.com\/wp-content\/uploads\/2026\/01\/Nitescence-80x80-1-scaled-e1769271792162-200x200.jpg\" alt=\"Nitescence 80x80cms\"><\/a><h3 class=\"rpwe-title\"><a href=\"https:\/\/jean-yves-fremaux.com\/en\/nitescence-80x80cms\/\" title=\"Permalink to Nitescence 80x80cms\" rel=\"bookmark\">Nitescence 80x80cms<\/a><\/h3><\/li><li class=\"rpwe-li rpwe-clearfix\"><a class=\"rpwe-img\" href=\"https:\/\/jean-yves-fremaux.com\/en\/entre-gouttes-et-regards-92x65-cms\/\"  rel=\"bookmark\"><img decoding=\"async\" class=\"rpwe-aligncenter rpwe-thumb\" src=\"https:\/\/jean-yves-fremaux.com\/wp-content\/uploads\/2025\/12\/Entre-gouttes-et-regards-30P-1-scaled-e1767022058254-200x200.jpg\" alt=\"Entre gouttes et regards 92&#215;65 cms\"><\/a><h3 class=\"rpwe-title\"><a href=\"https:\/\/jean-yves-fremaux.com\/en\/entre-gouttes-et-regards-92x65-cms\/\" title=\"Permalink to Entre gouttes et regards 92&#215;65 cms\" rel=\"bookmark\">Entre gouttes et regards 92&#215;65 cms<\/a><\/h3><\/li><li class=\"rpwe-li rpwe-clearfix\"><a class=\"rpwe-img\" href=\"https:\/\/jean-yves-fremaux.com\/en\/montmartre-juste-avant-la-nuit\/\"  rel=\"bookmark\"><img decoding=\"async\" class=\"rpwe-aligncenter rpwe-thumb\" src=\"https:\/\/jean-yves-fremaux.com\/wp-content\/uploads\/2025\/12\/Montmartre-juste-avant-la-nuit-80x80-cms-1-scaled-e1764770673460-200x200.jpg\" alt=\"Montmartre juste avant la nuit\"><\/a><h3 class=\"rpwe-title\"><a href=\"https:\/\/jean-yves-fremaux.com\/en\/montmartre-juste-avant-la-nuit\/\" title=\"Permalink to Montmartre juste avant la nuit\" rel=\"bookmark\">Montmartre juste avant la nuit<\/a><\/h3><\/li><li class=\"rpwe-li rpwe-clearfix\"><a class=\"rpwe-img\" href=\"https:\/\/jean-yves-fremaux.com\/en\/linstant-suspendu-92x65-cms\/\"  rel=\"bookmark\"><img decoding=\"async\" class=\"rpwe-aligncenter rpwe-thumb\" src=\"https:\/\/jean-yves-fremaux.com\/wp-content\/uploads\/2025\/10\/Linstant-suspendu-30P-scaled-e1760025534216-200x200.jpg\" alt=\"l&#8217;instant suspendu 92&#215;65 cms\"><\/a><h3 class=\"rpwe-title\"><a href=\"https:\/\/jean-yves-fremaux.com\/en\/linstant-suspendu-92x65-cms\/\" title=\"Permalink to l&#8217;instant suspendu 92&#215;65 cms\" rel=\"bookmark\">l&#8217;instant suspendu 92&#215;65 cms<\/a><\/h3><\/li><li class=\"rpwe-li rpwe-clearfix\"><a class=\"rpwe-img\" href=\"https:\/\/jean-yves-fremaux.com\/en\/inde-le-long-des-remparts-de-gwalior-80x80-cms\/\"  rel=\"bookmark\"><img decoding=\"async\" class=\"rpwe-aligncenter rpwe-thumb\" src=\"https:\/\/jean-yves-fremaux.com\/wp-content\/uploads\/2025\/09\/Inde-le-long-des-remparts-de-Gwalior-80x80-1-scaled-e1757919431646-200x200.jpg\" alt=\"Inde, le long des remparts de Gwalior 80&#215;80 cms\"><\/a><h3 class=\"rpwe-title\"><a href=\"https:\/\/jean-yves-fremaux.com\/en\/inde-le-long-des-remparts-de-gwalior-80x80-cms\/\" title=\"Permalink to Inde, le long des remparts de Gwalior 80&#215;80 cms\" rel=\"bookmark\">Inde, le long des remparts de Gwalior 80&#215;80 cms<\/a><\/h3><\/li><li class=\"rpwe-li rpwe-clearfix\"><a class=\"rpwe-img\" href=\"https:\/\/jean-yves-fremaux.com\/en\/les-places-de-montmartre-au-theatre-de-latelier-80x80cms\/\"  rel=\"bookmark\"><img decoding=\"async\" class=\"rpwe-aligncenter rpwe-thumb\" src=\"https:\/\/jean-yves-fremaux.com\/wp-content\/uploads\/2025\/08\/Les-places-de-Montmartre-au-theatre-de-lAtelier-80x80-1-scaled-e1755440942426-200x200.jpg\" alt=\"Les places de Montmartre au th\u00e9atre de L&#8217;atelier 80x80cms\"><\/a><h3 class=\"rpwe-title\"><a href=\"https:\/\/jean-yves-fremaux.com\/en\/les-places-de-montmartre-au-theatre-de-latelier-80x80cms\/\" title=\"Permalink to Les places de Montmartre au th\u00e9atre de L&#8217;atelier 80x80cms\" rel=\"bookmark\">Les places de Montmartre au th\u00e9atre de L&#8217;atelier 80x80cms<\/a><\/h3><\/li><li class=\"rpwe-li rpwe-clearfix\"><a class=\"rpwe-img\" href=\"https:\/\/jean-yves-fremaux.com\/en\/les-quais-de-venise-aux-zattere-90x90-cms\/\"  rel=\"bookmark\"><img decoding=\"async\" class=\"rpwe-aligncenter rpwe-thumb\" src=\"https:\/\/jean-yves-fremaux.com\/wp-content\/uploads\/2025\/07\/Les-quais-de-Venise-au-Zattere-90x90-1-scaled-e1751816395672-200x200.jpg\" alt=\"les quais de Venise aux zattere 90&#215;90 cms\"><\/a><h3 class=\"rpwe-title\"><a href=\"https:\/\/jean-yves-fremaux.com\/en\/les-quais-de-venise-aux-zattere-90x90-cms\/\" title=\"Permalink to les quais de Venise aux zattere 90&#215;90 cms\" rel=\"bookmark\">les quais de Venise aux zattere 90&#215;90 cms<\/a><\/h3><\/li><li class=\"rpwe-li rpwe-clearfix\"><a class=\"rpwe-img\" href=\"https:\/\/jean-yves-fremaux.com\/en\/1876-2\/\"  rel=\"bookmark\"><img decoding=\"async\" class=\"rpwe-aligncenter rpwe-thumb\" src=\"https:\/\/jean-yves-fremaux.com\/wp-content\/uploads\/2025\/05\/Parisles-bouquinistes-des-quais-de-seine-au-crepuscule-80x80-1-scaled-e1748446527676-200x200.jpg\" alt=\"Paris, les bouquinistes des quais de seine au cr\u00e9puscule 80&#215;80 cms\"><\/a><h3 class=\"rpwe-title\"><a href=\"https:\/\/jean-yves-fremaux.com\/en\/1876-2\/\" title=\"Permalink to Paris, les bouquinistes des quais de seine au cr\u00e9puscule 80&#215;80 cms\" rel=\"bookmark\">Paris, les bouquinistes des quais de seine au cr\u00e9puscule 80&#215;80 cms<\/a><\/h3><\/li><\/ul><\/div><!-- Generated by http:\/\/wordpress.org\/plugins\/recent-posts-widget-extended\/ --><\/div>\r\n<blockquote>\r\n<p>The one who sings goes from joy to melody, whoever hears, from melody to joy<\/p>\r\n<p><cite> Excerpt from &#8220;The meaning of art&#8221;<br \/><em>Rabindranatha Tagore<\/em> <\/cite><\/p>\r\n<\/blockquote>\r\n<!-- \/wp:quote -->\r\n\r\n<!-- wp:paragraph --><!-- \/wp:paragraph -->\r\n\r\n<!-- wp:paragraph -->\r\n<p>&nbsp;<\/p>\r\n<!-- \/wp:paragraph -->\r\n\r\n<!-- wp:quote -->\r\n<blockquote class=\"wp-block-quote\">\r\n<p>&#8220;[&#8230;] avant d&#8217;attaquer une \u0153uvre (ou de tracer le moindre trait), le peintre en poss\u00e8de l&#8217;id\u00e9e enti\u00e8re ; et, une fois l&#8217;\u0153uvre termin\u00e9e, l&#8217;id\u00e9e la prolonge encore.<\/p>\r\n<p>Chang Yen-yuan (dynastie T&#8217;ang)<\/p>\r\n<p><a href=\"https:\/\/www.babelio.com\/livres\/Cheng-Souffle-Esprit--Textes-theoriques-chinois-sur-la\/105914\">Souffle-Esprit : Textes th\u00e9oriques chinois sur l&#8217;art pictural<\/a> de <a href=\"https:\/\/www.babelio.com\/auteur\/Francois-Cheng\/8113\">Fran\u00e7ois Cheng<\/a><\/p>\r\n<\/blockquote>\r\n<!-- \/wp:quote -->","protected":false},"excerpt":{"rendered":"<p>The one who sings goes from joy to melody, whoever hears, from melody to joy Excerpt from &#8220;The meaning of art&#8221;Rabindranatha Tagore &nbsp; &#8220;[&#8230;] avant d&#8217;attaquer une \u0153uvre (ou de tracer le moindre trait), le peintre en poss\u00e8de l&#8217;id\u00e9e enti\u00e8re ; et, une fois l&#8217;\u0153uvre termin\u00e9e, l&#8217;id\u00e9e la prolonge encore. Chang Yen-yuan (dynastie T&#8217;ang) Souffle-Esprit [&hellip;]<\/p>\n","protected":false},"author":1,"featured_media":0,"parent":0,"menu_order":0,"comment_status":"closed","ping_status":"closed","template":"","meta":{"_exactmetrics_skip_tracking":false,"_exactmetrics_sitenote_active":false,"_exactmetrics_sitenote_note":"","_exactmetrics_sitenote_category":0,"footnotes":""},"class_list":["post-9","page","type-page","status-publish","hentry"],"_links":{"self":[{"href":"https:\/\/jean-yves-fremaux.com\/en\/wp-json\/wp\/v2\/pages\/9","targetHints":{"allow":["GET"]}}],"collection":[{"href":"https:\/\/jean-yves-fremaux.com\/en\/wp-json\/wp\/v2\/pages"}],"about":[{"href":"https:\/\/jean-yves-fremaux.com\/en\/wp-json\/wp\/v2\/types\/page"}],"author":[{"embeddable":true,"href":"https:\/\/jean-yves-fremaux.com\/en\/wp-json\/wp\/v2\/users\/1"}],"replies":[{"embeddable":true,"href":"https:\/\/jean-yves-fremaux.com\/en\/wp-json\/wp\/v2\/comments?post=9"}],"version-history":[{"count":104,"href":"https:\/\/jean-yves-fremaux.com\/en\/wp-json\/wp\/v2\/pages\/9\/revisions"}],"predecessor-version":[{"id":1747,"href":"https:\/\/jean-yves-fremaux.com\/en\/wp-json\/wp\/v2\/pages\/9\/revisions\/1747"}],"wp:attachment":[{"href":"https:\/\/jean-yves-fremaux.com\/en\/wp-json\/wp\/v2\/media?parent=9"}],"curies":[{"name":"wp","href":"https:\/\/api.w.org\/{rel}","templated":true}]}}